{"id":105,"date":"2019-06-17T17:21:58","date_gmt":"2019-06-17T17:21:58","guid":{"rendered":"http:\/\/localhost:8888\/interprojekt%20mostar\/?page_id=105"},"modified":"2024-10-27T17:59:20","modified_gmt":"2024-10-27T17:59:20","slug":"published-works","status":"publish","type":"page","link":"https:\/\/interprojekt.ba\/en\/?page_id=105","title":{"rendered":"PUBLISHED WORKS"},"content":{"rendered":"\t\t<div data-elementor-type=\"wp-post\" data-elementor-id=\"105\" class=\"elementor elementor-105\" data-elementor-settings=\"[]\">\n\t\t\t<div class=\"elementor-inner\">\n\t\t\t\t<div class=\"elementor-section-wrap\">\n\t\t\t\t\t\t\t<section class=\"elementor-element elementor-element-2f7225d elementor-section-stretched elementor-section-full_width elementor-section-height-default elementor-section-height-default elementor-section elementor-top-section\" data-id=\"2f7225d\" data-element_type=\"section\" data-settings=\"{&quot;stretch_section&quot;:&quot;section-stretched&quot;}\">\n\t\t\t\t\t\t<div class=\"elementor-container elementor-column-gap-default\">\n\t\t\t\t<div class=\"elementor-row\">\n\t\t\t\t<div class=\"elementor-element elementor-element-038b030 elementor-column elementor-col-100 elementor-top-column\" data-id=\"038b030\" data-element_type=\"column\">\n\t\t\t<div class=\"elementor-column-wrap  elementor-element-populated\">\n\t\t\t\t\t<div class=\"elementor-widget-wrap\">\n\t\t\t\t<div class=\"elementor-element elementor-element-e44737a elementor-widget elementor-widget-heading\" data-id=\"e44737a\" data-element_type=\"widget\" data-widget_type=\"heading.default\">\n\t\t\t\t<div class=\"elementor-widget-container\">\n\t\t\t<h2 class=\"elementor-heading-title elementor-size-default\">Published Works<\/h2>\t\t<\/div>\n\t\t\t\t<\/div>\n\t\t\t\t<div class=\"elementor-element elementor-element-3e4b3b8 elementor-widget elementor-widget-divider\" data-id=\"3e4b3b8\" data-element_type=\"widget\" data-widget_type=\"divider.default\">\n\t\t\t\t<div class=\"elementor-widget-container\">\n\t\t\t\t\t<div class=\"elementor-divider\">\n\t\t\t<span class=\"elementor-divider-separator\">\n\t\t\t\t\t\t<\/span>\n\t\t<\/div>\n\t\t\t\t<\/div>\n\t\t\t\t<\/div>\n\t\t\t\t<div class=\"elementor-element elementor-element-b48a106 elementor-widget elementor-widget-text-editor\" data-id=\"b48a106\" data-element_type=\"widget\" data-widget_type=\"text-editor.default\">\n\t\t\t\t<div class=\"elementor-widget-container\">\n\t\t\t\t\t<div class=\"elementor-text-editor elementor-clearfix\"><p>1. HUMO M., KULUK\u010cIJA S. <br \/>Sedma me\u0111unarodna konferencija o zidanim konstrukcijama London 2005, AGD Magazine, Sarajevo, 2006.<br \/>2. HUMO M., KULUK\u010cIJA S., HAMUSTAFI\u0106 D. <br \/>Semi- probabilisti\u010dki dokaz nosivosti i indeks pouzdanosti zidane kupole za slu\u010daj radijalnog pritiska uslijed dejstva stalnog optere\u0107enja, Zbornik radova RGGF Tuzla, broj XXX, Tuzla, 2006.<br \/>3. HUMO M., KULUK\u010cIJA S., MAND\u017dI\u0106 K. <br \/>Istra\u017eivanje \u010dvrsto\u0107e sedre kao arhitektonsko- gra\u0111evinskog kamena, Zbornik radova RGGF Tuzla, broj XXX, Tuzla, 2006.<br \/>4. KULUK\u010cIJA S.<br \/>Analiza historijskih metoda temeljenja, Magistarski rad, Mostar, 2007. <br \/>5. HUMO M., KULUK\u010cIJA S., MAND\u017dI\u0106 K. <br \/>Statisti\u010dka procjena karakteristi\u010dne \u010dvrsto\u0107e, Zbornik radova nastavnika i saradnika Univerziteta \u201eD\u017eemal Bijedi\u0107\u201c Mostar, 2007.<br \/>6. KULUK\u010cIJA S., HUMO M., ZLATAR M.<br \/>Pravila za armiranje prema standardu DIN 1045-1:2001, Priru\u010dnik, Interprojekt, Mostar, 2007.<br \/>7. HUMO M., KULUK\u010cIJA S. Structural assessment for temporary protection of the Old Mosque in Senkovici Village in Bosnia and Herzegovina, SACoMaTiS- International RILEM Conference, Varenna, Italy, 2008.<br \/>8. KULUK\u010cIJA S., HUMO M., MAND\u017dI\u0106 E., MAND\u017dI\u0106 K., SELIMOVI\u0106 M.<br \/>Existing historical foundation system of two Old Bridges from the Ottoman period in Bosnia and Herzegovina, Third International Congress on Construction History, Cottbus, Germany, 2009.<br \/>9. KULUK\u010cIJA S., HUMO M. <br \/>Pregled historijskih metoda temeljenja, Ba\u0161tina, Sarajevo, 2009.<br \/>10. MAND\u017dI\u0106 E., KULUK\u010cIJA S., HUMO M. <br \/>Ocjena stanja postoje\u0107ih objekata kulturnog i istorijskog naslije\u0111a primjenom refrakcione seizmike, Banja Luka, 2009.<br \/>11. KULUK\u010cIJA S., MAND\u017dI\u0106 E. <br \/>Most u Plandi\u0161tu, Ba\u0161tina, Sarajevo, 2010.<br \/>12. HRASNICA M., ZLATAR M., KULUK\u010cIJA S., HUMO M., MAD\u017dAREVI\u0106 M.<br \/>Seismic strengthening and repair of typical stone masonry historical buildings in Bosnia and Herzegovina, International Masonry Conference, Dresden, Germany, 2010.<br \/>13. HUMO, M., KULUK\u010cIJA S. (urednici i koautori) <br \/>Procjena stanja i oja\u010danje historijskih kamenih konstrukcija izlo\u017eenih seizmi\u010dkom djelovanju, Zbornik radova, ISCARSAH Simpozij Mostar 2009, Mostar, 2010.<br \/>14. HRASNICA M., ZLATAR M., KULUK\u010cIJA S., HUMO M. <br \/>Damage Assessment and Seismic Strengthening of Stone Masonry Historical Buildings in Bosnia and Herzegovina, 14 ECEE, Ohrid, Makedonija, 2010<br \/>15. HRASNICA M., ZLATAR M., KULUK\u010cIJA S., HUMO M. <br \/>Primjeri rekonstrukcije i poja\u010danja kulturno-historijskih zidanih kamenih gra\u0111evina u BiH, GNP, \u017dabljak, Crna Gora, 2010.<br \/>16. HUMO M., KULUK\u010cIJA S.<br \/>Seismic behaviour of traditional stone masonry minarets in Bosnia and Herzegovina \u2013 planning the case study, BHBICOP, Sarajevo, 2011.<br \/>17. HUMO M.<br \/>Analiza nosivosti zidanih lu\u010dnih konstrukcija, Magistarski rad, Mostar, 2011.<br \/>18. CASARIN F., HUMO M., DA PORTO F., LORENZONI F., GIRARDELLO P., MODENA C., CANTINI L., KULUK\u010cIJA S.<br \/>Non-destructive testing campaign for two traditional stone masonry minarets in Bosnia and Herzegovina, 2. Me\u0111unarodna konferencija GTZ, Tuzla, 2012.<br \/>19. CASARIN F., HUMO M., DA PORTO F., LORENZONI F., GIRARDELLO P., CANTINI L., KULUK\u010cIJA S. <br \/>Experimental investigations on two traditional minarets in Bosnia and Herzegovina, 8. Me\u0111unarodna konferencija SAHC, Wroclaw, Poljaska, 2012.<br \/>20. HUMO, M., KULUK\u010cIJA S. (urednici i koaotori) <br \/>Studija o seizmi\u010dkom pona\u0161anju tradicionalnih zidanih munara u Bosni Hercegovini, Me\u0111unarodni istra\u017eiva\u010dki projekat NIKER (EU, FP 7), Mostar, 2012.<br \/>21. HUMO M., KULUK\u010cIJA S., ZAHIROVI\u0106 A.<br \/>Seismic behaviour of traditional stone masonry minarets in Bosnia and Herzegovina, Savremena gra\u0111evinska praksa 2013, Fru\u0161ka gora, Vojvodina, Srbija, 2013.<br \/>22. KULUK\u010cIJA S. <br \/>Prakti\u010dne mogu\u0107nosti individualnog kori\u0161tenja izvora solarne energije u Bosni i Hercergovini, Bosanskohercegiova\u010dki komitet CIGRE, Sarajevo, 2015. <br \/>23. MAND\u017dI\u0106 E., MAND\u017dI\u0106 K., HUMO M., KULUK\u010cIJA S. <br \/>Uspje\u0161nost sanacije klizi\u0161ta Lij\u0161nica kod Maglaja, Nau\u010dni skup \u201cKlizi\u0161ta kao posljedica vi\u0161ednevnih poplava u maju 2014\u201c, Banja luka, 2015.<br \/>24. KULUK\u010cIJA S., HUMO M., MAND\u017dI\u0106 E., PADOVAN B., MAND\u017dI\u0106 K.<br \/>Investigation of the Bear Tower within the Complex of the Old Town of Jajce, 10. Me\u0111unarodna konferencija SAHC 2016, Leuven, Belgija, 2016.<br \/>25. KULUK\u010cIJA S.<br \/>Analiza stanja historijskih zidanih konstrukcija nerazornim i malo razornim metodama, Doktorska disertacija, Mostar, 2016.<br \/>26. HUMO M.<br \/>Analiza nosivosti konstrukcija od krutih makro blokova izlo\u017eenih dinami\u010dkom djelovanju, Doktorska disertacija, Mostar, 2017.<br \/>27. Kuluk\u010dija S., Kurtovi\u0107 A., Humo M., Had\u017eajli\u0107 J., \u010colakovi\u0107 A., \u017du\u0161ki\u0107 E., Sihirli\u0107 M.<br \/>Projektovanje i izgradnja temelja vjetroturbina \u2013 plitko temeljenje, GEO-EXPO 2018, Neum, 2018.<br \/>28. Kurtovi\u0107 A., Kuluk\u010dija S., Humo M., Had\u017eajli\u0107 J., \u010colakovi\u0107 A., \u017du\u0161ki\u0107 E., Sihirli\u0107 M.<br \/>Specifi\u010dnost ugradnje (cementnog) betona u temelj vjetroturbine, GEO-EXPO 2018, Neum, 2018.<br \/>29. Kuluk\u010dija S., <br \/>Zi\u0111e od prirodnog kamena prema DIN EN 1996-1-1 i BAS EN 1996-1-1 (Eurokod 6), Zbornik radova Gra\u0111evinskog fakulteta Sveu\u010dili\u0161ta u Mostaru, Mostar, 2018.<\/p><\/div>\n\t\t\t\t<\/div>\n\t\t\t\t<\/div>\n\t\t\t\t\t\t<\/div>\n\t\t\t<\/div>\n\t\t<\/div>\n\t\t\t\t\t\t<\/div>\n\t\t\t<\/div>\n\t\t<\/section>\n\t\t\t\t\t\t<\/div>\n\t\t\t<\/div>\n\t\t<\/div>\n\t\t","protected":false},"excerpt":{"rendered":"<p>Published Works 1. HUMO M., KULUK\u010cIJA S. Sedma me\u0111unarodna konferencija o zidanim konstrukcijama London 2005, AGD Magazine, Sarajevo, 2006.2. HUMO M., KULUK\u010cIJA S., HAMUSTAFI\u0106 D. Semi- probabilisti\u010dki dokaz nosivosti i indeks pouzdanosti zidane kupole za slu\u010daj radijalnog pritiska uslijed dejstva stalnog optere\u0107enja, Zbornik radova RGGF Tuzla, broj XXX, Tuzla, 2006.3. HUMO M., KULUK\u010cIJA S., MAND\u017dI\u0106 [&hellip;]<\/p>\n","protected":false},"author":1,"featured_media":0,"parent":21,"menu_order":0,"comment_status":"closed","ping_status":"closed","template":"","meta":{"footnotes":""},"_links":{"self":[{"href":"https:\/\/interprojekt.ba\/en\/index.php?rest_route=\/wp\/v2\/pages\/105"}],"collection":[{"href":"https:\/\/interprojekt.ba\/en\/index.php?rest_route=\/wp\/v2\/pages"}],"about":[{"href":"https:\/\/interprojekt.ba\/en\/index.php?rest_route=\/wp\/v2\/types\/page"}],"author":[{"embeddable":true,"href":"https:\/\/interprojekt.ba\/en\/index.php?rest_route=\/wp\/v2\/users\/1"}],"replies":[{"embeddable":true,"href":"https:\/\/interprojekt.ba\/en\/index.php?rest_route=%2Fwp%2Fv2%2Fcomments&post=105"}],"version-history":[{"count":14,"href":"https:\/\/interprojekt.ba\/en\/index.php?rest_route=\/wp\/v2\/pages\/105\/revisions"}],"predecessor-version":[{"id":2409,"href":"https:\/\/interprojekt.ba\/en\/index.php?rest_route=\/wp\/v2\/pages\/105\/revisions\/2409"}],"up":[{"embeddable":true,"href":"https:\/\/interprojekt.ba\/en\/index.php?rest_route=\/wp\/v2\/pages\/21"}],"wp:attachment":[{"href":"https:\/\/interprojekt.ba\/en\/index.php?rest_route=%2Fwp%2Fv2%2Fmedia&parent=105"}],"curies":[{"name":"wp","href":"https:\/\/api.w.org\/{rel}","templated":true}]}}